{"id":3979,"date":"2025-07-29T12:37:43","date_gmt":"2025-07-29T10:37:43","guid":{"rendered":"https:\/\/www.juliebeau.be\/?post_type=product&#038;p=3979"},"modified":"2025-09-13T13:49:58","modified_gmt":"2025-09-13T11:49:58","slug":"fase-white-vintage-desk-lamp-copie-copie-copie-50","status":"publish","type":"product","link":"https:\/\/www.juliebeau.be\/en\/produit\/fase-white-vintage-desk-lamp-copie-copie-copie-50\/","title":{"rendered":"1960s yellow chrome floor lamp"},"content":{"rendered":"<p>[et_pb_section fb_built=&#8221;1&#8243; _builder_version=&#8221;4.16&#8243; custom_padding=&#8221;0px||||false|false&#8221; da_disable_devices=&#8221;off|off|off&#8221; collapsed=&#8221;on&#8221; global_colors_info=&#8221;{}&#8221; da_is_popup=&#8221;off&#8221; da_exit_intent=&#8221;off&#8221; da_has_close=&#8221;on&#8221; da_alt_close=&#8221;off&#8221; da_dark_close=&#8221;off&#8221; da_not_modal=&#8221;on&#8221; da_is_singular=&#8221;off&#8221; da_with_loader=&#8221;off&#8221; da_has_shadow=&#8221;on&#8221;][et_pb_row _builder_version=&#8221;4.16&#8243; background_size=&#8221;initial&#8221; background_position=&#8221;top_left&#8221; background_repeat=&#8221;repeat&#8221; width=&#8221;100%&#8221; custom_padding=&#8221;0px||0px||false|false&#8221; global_colors_info=&#8221;{}&#8221;][et_pb_column type=&#8221;4_4&#8243; _builder_version=&#8221;4.16&#8243; custom_padding=&#8221;|||&#8221; global_colors_info=&#8221;{}&#8221; custom_padding__hover=&#8221;|||&#8221;][et_pb_wc_breadcrumb _builder_version=&#8221;4.16&#8243; global_colors_info=&#8221;{}&#8221;][\/et_pb_wc_breadcrumb][et_pb_wc_cart_notice _builder_version=&#8221;4.16&#8243; global_colors_info=&#8221;{}&#8221;][\/et_pb_wc_cart_notice][\/et_pb_column][\/et_pb_row][et_pb_row column_structure=&#8221;1_2,1_2&#8243; _builder_version=&#8221;4.16&#8243; background_size=&#8221;initial&#8221; background_position=&#8221;top_left&#8221; background_repeat=&#8221;repeat&#8221; width=&#8221;100%&#8221; custom_padding=&#8221;0px||||false|false&#8221; global_colors_info=&#8221;{}&#8221;][et_pb_column type=&#8221;1_2&#8243; _builder_version=&#8221;4.16&#8243; custom_padding=&#8221;|||&#8221; global_colors_info=&#8221;{}&#8221; custom_padding__hover=&#8221;|||&#8221;][et_pb_wc_images _builder_version=&#8221;4.16&#8243; global_colors_info=&#8221;{}&#8221;][\/et_pb_wc_images][\/et_pb_column][et_pb_column type=&#8221;1_2&#8243; _builder_version=&#8221;4.16&#8243; custom_padding=&#8221;|||&#8221; global_colors_info=&#8221;{}&#8221; custom_padding__hover=&#8221;|||&#8221;][et_pb_wc_title _builder_version=&#8221;4.27.0&#8243; header_text_align=&#8221;center&#8221; background_image=&#8221;https:\/\/www.juliebeau.be\/wp-content\/uploads\/2024\/07\/nonpeutetre-header.png&#8221; custom_margin=&#8221;||20px||false|false&#8221; custom_padding=&#8221;40px|30px|40px|30px|true|true&#8221; global_colors_info=&#8221;{}&#8221;][\/et_pb_wc_title][et_pb_wc_rating _builder_version=&#8221;4.16&#8243; global_colors_info=&#8221;{}&#8221;][\/et_pb_wc_rating][et_pb_wc_price _builder_version=&#8221;4.27.0&#8243; body_font_size=&#8221;24px&#8221; global_colors_info=&#8221;{}&#8221;][\/et_pb_wc_price][et_pb_wc_description _builder_version=&#8221;4.16&#8243; global_colors_info=&#8221;{}&#8221;][\/et_pb_wc_description][et_pb_wc_add_to_cart _builder_version=&#8221;4.27.0&#8243; global_colors_info=&#8221;{}&#8221;][\/et_pb_wc_add_to_cart][et_pb_text _builder_version=&#8221;4.27.0&#8243; _module_preset=&#8221;default&#8221; text_text_color=&#8221;#FFFFFF&#8221; link_font=&#8221;||||on||||&#8221; link_text_color=&#8221;#FFFFFF&#8221; background_color=&#8221;#1F2E54&#8243; custom_padding=&#8221;20px|20px|20px|20px|true|true&#8221; global_colors_info=&#8221;{}&#8221;]<\/p>\n<p>Our products can be bought and paid online. You can then collect your purchase from the shop at your convenience. <\/p>\n<p>See our <a href=\"https:\/\/www.juliebeau.be\/en\/faq\/\" target=\"_blank\" rel=\"noopener\">FAQs<\/a> for more information<\/p>\n<p>[\/et_pb_text][et_pb_wc_meta _builder_version=&#8221;4.16&#8243; global_colors_info=&#8221;{}&#8221;][\/et_pb_wc_meta][\/et_pb_column][\/et_pb_row][et_pb_row _builder_version=&#8221;4.16&#8243; background_size=&#8221;initial&#8221; background_position=&#8221;top_left&#8221; background_repeat=&#8221;repeat&#8221; width=&#8221;100%&#8221; global_colors_info=&#8221;{}&#8221;][et_pb_column type=&#8221;4_4&#8243; _builder_version=&#8221;4.16&#8243; custom_padding=&#8221;|||&#8221; global_colors_info=&#8221;{}&#8221; custom_padding__hover=&#8221;|||&#8221;][et_pb_wc_tabs disabled_on=&#8221;off|off|off&#8221; _builder_version=&#8221;4.27.0&#8243; global_colors_info=&#8221;{}&#8221;]\t\t\t\t\t[\/et_pb_wc_tabs][et_pb_wc_upsells _builder_version=&#8221;4.16&#8243; global_colors_info=&#8221;{}&#8221;][\/et_pb_wc_upsells][et_pb_wc_related_products _builder_version=&#8221;4.16&#8243; global_colors_info=&#8221;{}&#8221;][\/et_pb_wc_related_products][\/et_pb_column][\/et_pb_row][\/et_pb_section]<\/p>\n","protected":false},"excerpt":{"rendered":"<p class=\"p1\">A vintage floor lamp with a bold look, featuring two yellow spots and a chrome stem. Made in the 1960s, it proudly shows its signs of age \u2014 and all its charm. <\/p>\n","protected":false},"featured_media":3982,"template":"","meta":{"_et_pb_use_builder":"on","_et_pb_old_content":"<p class=\"p1\">Un grand classique du style mid-century revisit\u00e9 avec du peps : ce lampadaire \u00e0 double spot jaune ne passe pas inaper\u00e7u ! Fabriqu\u00e9 dans les ann\u00e9es 60, il m\u00eale structure en m\u00e9tal chrom\u00e9 et tiges jaunes vibrantes. Les deux abat-jours sont orientables pour un \u00e9clairage sur-mesure \u2013 parfait pour un salon, un coin lecture ou un bureau vintage.<\/p>\r\n<p class=\"p1\">Les traces du temps sont bien visibles (voir photos) et participent \u00e0 l\u2019authenticit\u00e9 de la pi\u00e8ce. Ce lampadaire a v\u00e9cu\u2026 et il a encore de quoi illuminer vos int\u00e9rieurs avec style.<\/p>\r\n<p class=\"p3\"><span class=\"s1\">\ud83d\udccf <\/span><b>Infos pratiques<\/b><span class=\"s1\"> :<\/span><\/p>\r\n\r\n<ul>\r\n \t<li class=\"p1\">Hauteur : 150 cm<\/li>\r\n \t<li class=\"p1\">Profondeur : 35 cm<\/li>\r\n \t<li class=\"p1\">Diam\u00e8tre du pied : 25 cm<\/li>\r\n \t<li class=\"p1\">Ampoules non fournies \u2013 douilles \u00e0 vis standard (E14)<\/li>\r\n \t<li class=\"p1\">Fonctionne parfaitement<\/li>\r\n<\/ul>","_et_gb_content_width":""},"product_brand":[],"product_cat":[68],"product_tag":[],"class_list":{"0":"post-3979","1":"product","2":"type-product","3":"status-publish","4":"has-post-thumbnail","6":"product_cat-standing-lamps","8":"first","9":"outofstock","10":"shipping-taxable","11":"purchasable","12":"product-type-simple"},"_links":{"self":[{"href":"https:\/\/www.juliebeau.be\/en\/wp-json\/wp\/v2\/product\/3979","targetHints":{"allow":["GET"]}}],"collection":[{"href":"https:\/\/www.juliebeau.be\/en\/wp-json\/wp\/v2\/product"}],"about":[{"href":"https:\/\/www.juliebeau.be\/en\/wp-json\/wp\/v2\/types\/product"}],"wp:featuredmedia":[{"embeddable":true,"href":"https:\/\/www.juliebeau.be\/en\/wp-json\/wp\/v2\/media\/3982"}],"wp:attachment":[{"href":"https:\/\/www.juliebeau.be\/en\/wp-json\/wp\/v2\/media?parent=3979"}],"wp:term":[{"taxonomy":"product_brand","embeddable":true,"href":"https:\/\/www.juliebeau.be\/en\/wp-json\/wp\/v2\/product_brand?post=3979"},{"taxonomy":"product_cat","embeddable":true,"href":"https:\/\/www.juliebeau.be\/en\/wp-json\/wp\/v2\/product_cat?post=3979"},{"taxonomy":"product_tag","embeddable":true,"href":"https:\/\/www.juliebeau.be\/en\/wp-json\/wp\/v2\/product_tag?post=3979"}],"curies":[{"name":"wp","href":"https:\/\/api.w.org\/{rel}","templated":true}]}}