{"id":3278,"date":"2025-04-28T17:25:46","date_gmt":"2025-04-28T15:25:46","guid":{"rendered":"https:\/\/www.juliebeau.be\/?post_type=product&#038;p=3278"},"modified":"2025-05-26T17:54:19","modified_gmt":"2025-05-26T15:54:19","slug":"fase-witte-vintage-bureaulamp-copie-copie-40","status":"publish","type":"product","link":"https:\/\/www.juliebeau.be\/nl\/produit\/fase-witte-vintage-bureaulamp-copie-copie-40\/","title":{"rendered":"Vintage staande lamp \u201cGood Vibes\u201d \u2013 zonnegeel"},"content":{"rendered":"<p>[et_pb_section fb_built=&#8221;1&#8243; _builder_version=&#8221;4.16&#8243; custom_padding=&#8221;0px||||false|false&#8221; da_disable_devices=&#8221;off|off|off&#8221; collapsed=&#8221;on&#8221; global_colors_info=&#8221;{}&#8221; da_is_popup=&#8221;off&#8221; da_exit_intent=&#8221;off&#8221; da_has_close=&#8221;on&#8221; da_alt_close=&#8221;off&#8221; da_dark_close=&#8221;off&#8221; da_not_modal=&#8221;on&#8221; da_is_singular=&#8221;off&#8221; da_with_loader=&#8221;off&#8221; da_has_shadow=&#8221;on&#8221;][et_pb_row _builder_version=&#8221;4.16&#8243; background_size=&#8221;initial&#8221; background_position=&#8221;top_left&#8221; background_repeat=&#8221;repeat&#8221; width=&#8221;100%&#8221; custom_padding=&#8221;0px||0px||false|false&#8221; global_colors_info=&#8221;{}&#8221;][et_pb_column type=&#8221;4_4&#8243; _builder_version=&#8221;4.16&#8243; custom_padding=&#8221;|||&#8221; global_colors_info=&#8221;{}&#8221; custom_padding__hover=&#8221;|||&#8221;][et_pb_wc_breadcrumb _builder_version=&#8221;4.16&#8243; global_colors_info=&#8221;{}&#8221;][\/et_pb_wc_breadcrumb][et_pb_wc_cart_notice _builder_version=&#8221;4.16&#8243; global_colors_info=&#8221;{}&#8221;][\/et_pb_wc_cart_notice][\/et_pb_column][\/et_pb_row][et_pb_row column_structure=&#8221;1_2,1_2&#8243; _builder_version=&#8221;4.16&#8243; background_size=&#8221;initial&#8221; background_position=&#8221;top_left&#8221; background_repeat=&#8221;repeat&#8221; width=&#8221;100%&#8221; custom_padding=&#8221;0px||||false|false&#8221; global_colors_info=&#8221;{}&#8221;][et_pb_column type=&#8221;1_2&#8243; _builder_version=&#8221;4.16&#8243; custom_padding=&#8221;|||&#8221; global_colors_info=&#8221;{}&#8221; custom_padding__hover=&#8221;|||&#8221;][et_pb_wc_images _builder_version=&#8221;4.16&#8243; global_colors_info=&#8221;{}&#8221;][\/et_pb_wc_images][\/et_pb_column][et_pb_column type=&#8221;1_2&#8243; _builder_version=&#8221;4.16&#8243; custom_padding=&#8221;|||&#8221; global_colors_info=&#8221;{}&#8221; custom_padding__hover=&#8221;|||&#8221;][et_pb_wc_title _builder_version=&#8221;4.27.0&#8243; header_text_align=&#8221;center&#8221; background_image=&#8221;https:\/\/www.juliebeau.be\/wp-content\/uploads\/2024\/07\/nonpeutetre-header.png&#8221; custom_margin=&#8221;||20px||false|false&#8221; custom_padding=&#8221;40px|30px|40px|30px|true|true&#8221; global_colors_info=&#8221;{}&#8221;][\/et_pb_wc_title][et_pb_wc_rating _builder_version=&#8221;4.16&#8243; global_colors_info=&#8221;{}&#8221;][\/et_pb_wc_rating][et_pb_wc_price _builder_version=&#8221;4.27.0&#8243; body_font_size=&#8221;24px&#8221; global_colors_info=&#8221;{}&#8221;][\/et_pb_wc_price][et_pb_wc_description _builder_version=&#8221;4.16&#8243; global_colors_info=&#8221;{}&#8221;][\/et_pb_wc_description][et_pb_wc_add_to_cart _builder_version=&#8221;4.27.0&#8243; global_colors_info=&#8221;{}&#8221;][\/et_pb_wc_add_to_cart][et_pb_text _builder_version=&#8221;4.27.0&#8243; _module_preset=&#8221;default&#8221; text_text_color=&#8221;#FFFFFF&#8221; link_font=&#8221;||||on||||&#8221; link_text_color=&#8221;#FFFFFF&#8221; background_color=&#8221;#1F2E54&#8243; custom_padding=&#8221;20px|20px|20px|20px|true|true&#8221; global_colors_info=&#8221;{}&#8221;]<\/p>\n<p>Onze producten kunnen online worden gekocht en betaald. Je kunt je aankoop dan afhalen in de winkel wanneer het jou uitkomt. <\/p>\n<p>Zie onze <a href=\"https:\/\/www.juliebeau.be\/nl\/faq\/\" target=\"_blank\" rel=\"noopener\">FAQ<\/a> voor meer informatie<\/p>\n<p>[\/et_pb_text][et_pb_wc_meta _builder_version=&#8221;4.16&#8243; global_colors_info=&#8221;{}&#8221;][\/et_pb_wc_meta][\/et_pb_column][\/et_pb_row][et_pb_row _builder_version=&#8221;4.16&#8243; background_size=&#8221;initial&#8221; background_position=&#8221;top_left&#8221; background_repeat=&#8221;repeat&#8221; width=&#8221;100%&#8221; global_colors_info=&#8221;{}&#8221;][et_pb_column type=&#8221;4_4&#8243; _builder_version=&#8221;4.16&#8243; custom_padding=&#8221;|||&#8221; global_colors_info=&#8221;{}&#8221; custom_padding__hover=&#8221;|||&#8221;][et_pb_wc_tabs disabled_on=&#8221;off|off|off&#8221; _builder_version=&#8221;4.27.0&#8243; global_colors_info=&#8221;{}&#8221;]\t\t\t\t\t[\/et_pb_wc_tabs][et_pb_wc_upsells _builder_version=&#8221;4.16&#8243; global_colors_info=&#8221;{}&#8221;][\/et_pb_wc_upsells][et_pb_wc_related_products _builder_version=&#8221;4.16&#8243; global_colors_info=&#8221;{}&#8221;][\/et_pb_wc_related_products][\/et_pb_column][\/et_pb_row][\/et_pb_section]<\/p>\n","protected":false},"excerpt":{"rendered":"<p class=\"p1\">Een vintage staande lamp vol pit om uw dagen (en avonden) te verlichten!<\/p>\n","protected":false},"featured_media":3299,"template":"","meta":{"_et_pb_use_builder":"on","_et_pb_old_content":"<p class=\"p1\">Avec sa couleur jaune solaire et son design tout en finesse, ce <span class=\"s1\">lampadaire vintage<\/span> Good Vibes apporte une vraie touche lumineuse et joyeuse \u00e0 votre int\u00e9rieur. Ses deux t\u00eates orientables et r\u00e9glables en hauteur vous permettent d\u2019ajuster la lumi\u00e8re selon vos envies, pour un espace chaleureux et vivant.<\/p>\r\n<p class=\"p1\">\ud83d\udcd0 Dimensions :<\/p>\r\n\r\n<ul>\r\n \t<li class=\"p3\">Hauteur totale : <span class=\"s1\">165 cm<\/span><\/li>\r\n<\/ul>\r\n<p class=\"p1\">\ud83d\udca1 \u00c0 utiliser o\u00f9 vous voulez !<\/p>\r\n\r\n<ul>\r\n \t<li class=\"p1\">Pr\u00e8s d\u2019un canap\u00e9 pour un coin lecture styl\u00e9<\/li>\r\n \t<li class=\"p1\">Dans une chambre pour une lumi\u00e8re douce et modulable<\/li>\r\n \t<li class=\"p1\">Dans un bureau pour apporter une touche de pep\u2019s<\/li>\r\n<\/ul>\r\n<p class=\"p1\">\ud83c\udf3f Une pi\u00e8ce pleine de charme<\/p>\r\n<p class=\"p1\">Ce lampadaire est en excellent \u00e9tat, avec quelques traces d\u2019usure discr\u00e8tes sur le pied, parfaites pour souligner son caract\u00e8re vintage sans alt\u00e9rer son \u00e9clat.<\/p>\r\n<p class=\"p1\">\ud83d\udc49 Une p\u00e9pite vintage pour illuminer votre d\u00e9co avec style !<\/p>","_et_gb_content_width":""},"product_brand":[],"product_cat":[86],"product_tag":[],"class_list":{"0":"post-3278","1":"product","2":"type-product","3":"status-publish","4":"has-post-thumbnail","6":"product_cat-vloerlampen","8":"first","9":"outofstock","10":"shipping-taxable","11":"purchasable","12":"product-type-simple"},"_links":{"self":[{"href":"https:\/\/www.juliebeau.be\/nl\/wp-json\/wp\/v2\/product\/3278","targetHints":{"allow":["GET"]}}],"collection":[{"href":"https:\/\/www.juliebeau.be\/nl\/wp-json\/wp\/v2\/product"}],"about":[{"href":"https:\/\/www.juliebeau.be\/nl\/wp-json\/wp\/v2\/types\/product"}],"wp:featuredmedia":[{"embeddable":true,"href":"https:\/\/www.juliebeau.be\/nl\/wp-json\/wp\/v2\/media\/3299"}],"wp:attachment":[{"href":"https:\/\/www.juliebeau.be\/nl\/wp-json\/wp\/v2\/media?parent=3278"}],"wp:term":[{"taxonomy":"product_brand","embeddable":true,"href":"https:\/\/www.juliebeau.be\/nl\/wp-json\/wp\/v2\/product_brand?post=3278"},{"taxonomy":"product_cat","embeddable":true,"href":"https:\/\/www.juliebeau.be\/nl\/wp-json\/wp\/v2\/product_cat?post=3278"},{"taxonomy":"product_tag","embeddable":true,"href":"https:\/\/www.juliebeau.be\/nl\/wp-json\/wp\/v2\/product_tag?post=3278"}],"curies":[{"name":"wp","href":"https:\/\/api.w.org\/{rel}","templated":true}]}}